{"id":2986,"date":"2014-04-10T13:15:58","date_gmt":"2014-04-10T11:15:58","guid":{"rendered":"https:\/\/www.restaurantespuertomarina.com\/?page_id=2986"},"modified":"2025-05-21T14:06:43","modified_gmt":"2025-05-21T12:06:43","slug":"trattoria-la-parolaccia-2","status":"publish","type":"page","link":"https:\/\/www.restaurantespuertomarina.com\/es\/trattoria-la-parolaccia-2\/","title":{"rendered":"Pizzeria Trattoria La Parolaccia"},"content":{"rendered":"<section class=\"l-section wpb_row height_medium\"><div class=\"l-section-h i-cf\"><div class=\"g-cols vc_row via_grid cols_1 laptops-cols_inherit tablets-cols_inherit mobiles-cols_1 valign_top type_default stacking_default\"><div class=\"wpb_column vc_column_container\"><div class=\"vc_column-inner\"><div class=\"w-image align_center\"><div class=\"w-image-h\"><img decoding=\"async\" width=\"1600\" height=\"513\" src=\"https:\/\/www.restaurantespuertomarina.com\/wp-content\/uploads\/2024\/01\/italian-restaurant-benalmadena.jpg\" class=\"attachment-full size-full\" alt=\"Italian restaurant\" loading=\"lazy\" srcset=\"https:\/\/www.restaurantespuertomarina.com\/wp-content\/uploads\/2024\/01\/italian-restaurant-benalmadena.jpg 1600w, https:\/\/www.restaurantespuertomarina.com\/wp-content\/uploads\/2024\/01\/italian-restaurant-benalmadena-300x96.jpg 300w, https:\/\/www.restaurantespuertomarina.com\/wp-content\/uploads\/2024\/01\/italian-restaurant-benalmadena-1024x328.jpg 1024w, https:\/\/www.restaurantespuertomarina.com\/wp-content\/uploads\/2024\/01\/italian-restaurant-benalmadena-350x112.jpg 350w, https:\/\/www.restaurantespuertomarina.com\/wp-content\/uploads\/2024\/01\/italian-restaurant-benalmadena-600x192.jpg 600w, https:\/\/www.restaurantespuertomarina.com\/wp-content\/uploads\/2024\/01\/italian-restaurant-benalmadena-768x246.jpg 768w, https:\/\/www.restaurantespuertomarina.com\/wp-content\/uploads\/2024\/01\/italian-restaurant-benalmadena-1248x400.jpg 1248w\" sizes=\"auto, (max-width: 1600px) 100vw, 1600px\" \/><\/div><\/div><div class=\"g-cols wpb_row via_grid cols_1 laptops-cols_inherit tablets-cols_inherit mobiles-cols_1 valign_top type_default stacking_default\" style=\"--columns-gap:3rem;\"><div class=\"wpb_column vc_column_container\"><div class=\"vc_column-inner\"><div class=\"w-separator size_medium\"><\/div><div class=\"wpb_text_column\"><div class=\"wpb_wrapper\"><h2 style=\"text-align: center;\">El mejor restaurante italiano en Benalm\u00e1dena<\/h2>\n<p style=\"text-align: center;\">Pizzeria Trattoria La Parolaccia lleva a\u00f1os ofreciendo a nuestros amigos y clientes esa sabrosa cocina italiana, las mejores pizzas y pastas de la costa. Ven a cenar a nuestro amplio sal\u00f3n y disfruta de nuestro delicioso men\u00fa combinado con las mejores vistas del <a href=\"https:\/\/www.puertomarinabenalmadena.com\/es\/\" target=\"_blank\" rel=\"noopener\">Puerto Marina<\/a>. La Parolaccia, tambi\u00e9n sigue ofreciendo nuestro restaurante para la celebraci\u00f3n de cumplea\u00f1os, bautizos, despedidas de soltero\/a as\u00ed como bodas. Solicite cotizaciones sobre sus pr\u00f3ximos eventos. Ven a cenar con nosotros. Estamos abiertos desde 1989 y tenemos unas vistas impresionantes de <a href=\"https:\/\/www.restaurantespuertomarina.com\/es\/sobre-nosotros\/\">Puerto Marina<\/a>. \u00a1La comida italiana en su m\u00e1xima expresi\u00f3n! Ll\u00e1manos: +34 952 440 487<\/p>\n<\/div><\/div><\/div><\/div><\/div><div class=\"w-separator size_medium with_line width_default thick_1 style_solid color_secondary align_center with_content\"><div class=\"w-separator-h\"><i class=\"fas fa-anchor\"><\/i><\/div><\/div><div class=\"w-btn-wrapper align_center\"><a class=\"w-btn us-btn-style_13\" href=\"https:\/\/www.restaurantespuertomarina.com\/wp-content\/uploads\/2025\/05\/Menu-PAROLACCIA-05-25.pdf\"><span class=\"w-btn-label\">MENU<\/span><\/a><\/div><div class=\"w-btn-wrapper align_center\"><a class=\"w-btn us-btn-style_13\" href=\"https:\/\/www.restaurantespuertomarina.com\/table-bookings\/\"><span class=\"w-btn-label\">RESERVATIONS<\/span><\/a><\/div><div class=\"w-separator size_medium with_line width_default thick_1 style_solid color_secondary align_center with_content\"><div class=\"w-separator-h\"><i class=\"fas fa-anchor\"><\/i><\/div><\/div><div class=\"g-cols wpb_row via_grid cols_2 laptops-cols_inherit tablets-cols_inherit mobiles-cols_1 valign_top type_default stacking_default\" style=\"--columns-gap:3rem;\"><div class=\"wpb_column vc_column_container\"><div class=\"vc_column-inner\"><div class=\"wpb_text_column\"><div class=\"wpb_wrapper\"><p>[vc_raw_html]JTNDaWZyYW1lJTIwd2lkdGglM0QlMjIxMDAlMjUlMjIlMjBoZWlnaHQlM0QlMjIyNDAlMjIlMjBzcmMlM0QlMjJodHRwcyUzQSUyRiUyRnd3dy55b3V0dWJlLmNvbSUyRmVtYmVkJTJGYWxrWVNINWxnM2MlM0Zjb250cm9scyUzRDAlMjIlMjBmcmFtZWJvcmRlciUzRCUyMjAlMjIlMjBhbGxvdyUzRCUyMmFjY2VsZXJvbWV0ZXIlM0IlMjBhdXRvcGxheSUzQiUyMGVuY3J5cHRlZC1tZWRpYSUzQiUyMGd5cm9zY29wZSUzQiUyMHBpY3R1cmUtaW4tcGljdHVyZSUyMiUyMGFsbG93ZnVsbHNjcmVlbiUzRSUzQyUyRmlmcmFtZSUzRQ==[\/vc_raw_html]<\/p>\n<\/div><\/div><\/div><\/div><div class=\"wpb_column vc_column_container\"><div class=\"vc_column-inner\"><div class=\"w-slider style_none fit_scaledown nav_dots count_7\"><div class=\"w-slider-h\" aria-hidden=\"true\"><div class=\"royalSlider\"><div class=\"rsContent\"><a class=\"rsImg\" data-rsw=\"400\" data-rsh=\"250\" data-rsBigImg=\"https:\/\/www.restaurantespuertomarina.com\/wp-content\/uploads\/2019\/03\/11.jpg\" href=\"https:\/\/www.restaurantespuertomarina.com\/wp-content\/uploads\/2019\/03\/11.jpg\"><span data-alt=\"The best Italian restaurant in Benalmadena\"><\/span><\/a><\/div><div class=\"rsContent\"><a class=\"rsImg\" data-rsw=\"1000\" data-rsh=\"687\" data-rsBigImg=\"https:\/\/www.restaurantespuertomarina.com\/wp-content\/uploads\/2019\/10\/restaurants-in-benalmadena-3.jpg\" href=\"https:\/\/www.restaurantespuertomarina.com\/wp-content\/uploads\/2019\/10\/restaurants-in-benalmadena-3.jpg\"><span data-alt=\"restaurants in benalmadena\"><\/span><\/a><\/div><div class=\"rsContent\"><a class=\"rsImg\" data-rsw=\"1000\" data-rsh=\"836\" data-rsBigImg=\"https:\/\/www.restaurantespuertomarina.com\/wp-content\/uploads\/2019\/10\/restaurants-in-benalmadena-4.jpg\" href=\"https:\/\/www.restaurantespuertomarina.com\/wp-content\/uploads\/2019\/10\/restaurants-in-benalmadena-4.jpg\"><span data-alt=\"restaurants in benalmadena\"><\/span><\/a><\/div><div class=\"rsContent\"><a class=\"rsImg\" data-rsw=\"400\" data-rsh=\"250\" data-rsBigImg=\"https:\/\/www.restaurantespuertomarina.com\/wp-content\/uploads\/2019\/03\/16.jpg\" href=\"https:\/\/www.restaurantespuertomarina.com\/wp-content\/uploads\/2019\/03\/16.jpg\"><span data-alt=\"\"><\/span><\/a><\/div><div class=\"rsContent\"><a class=\"rsImg\" data-rsw=\"400\" data-rsh=\"250\" data-rsBigImg=\"https:\/\/www.restaurantespuertomarina.com\/wp-content\/uploads\/2019\/03\/15.jpg\" href=\"https:\/\/www.restaurantespuertomarina.com\/wp-content\/uploads\/2019\/03\/15.jpg\"><span data-alt=\"\"><\/span><\/a><\/div><div class=\"rsContent\"><a class=\"rsImg\" data-rsw=\"400\" data-rsh=\"250\" data-rsBigImg=\"https:\/\/www.restaurantespuertomarina.com\/wp-content\/uploads\/2019\/03\/14.jpg\" href=\"https:\/\/www.restaurantespuertomarina.com\/wp-content\/uploads\/2019\/03\/14.jpg\"><span data-alt=\"\"><\/span><\/a><\/div><div class=\"rsContent\"><a class=\"rsImg\" data-rsw=\"400\" data-rsh=\"250\" data-rsBigImg=\"https:\/\/www.restaurantespuertomarina.com\/wp-content\/uploads\/2019\/03\/13.jpg\" href=\"https:\/\/www.restaurantespuertomarina.com\/wp-content\/uploads\/2019\/03\/13.jpg\"><span data-alt=\"\"><\/span><\/a><\/div><\/div><img decoding=\"async\" src=\"https:\/\/www.restaurantespuertomarina.com\/wp-content\/uploads\/2019\/03\/11.jpg\" width=\"400\" height=\"250\" alt=\"The best Italian restaurant in Benalmadena\" loading=\"lazy\"><\/div><div class=\"w-slider-json\" onclick='return {&quot;autoScaleSlider&quot;:true,&quot;addActiveClass&quot;:true,&quot;loop&quot;:true,&quot;fadeInLoadedSlide&quot;:false,&quot;slidesSpacing&quot;:0,&quot;imageScalePadding&quot;:0,&quot;numImagesToPreload&quot;:2,&quot;arrowsNav&quot;:false,&quot;arrowsNavAutoHide&quot;:false,&quot;transitionType&quot;:&quot;move&quot;,&quot;transitionSpeed&quot;:250,&quot;block&quot;:{&quot;moveEffect&quot;:&quot;none&quot;,&quot;speed&quot;:300},&quot;thumbs&quot;:{&quot;fitInViewport&quot;:false,&quot;firstMargin&quot;:false,&quot;spacing&quot;:4},&quot;controlNavigation&quot;:&quot;bullets&quot;,&quot;fullscreen&quot;:{&quot;enabled&quot;:true},&quot;autoScaleSliderWidth&quot;:400,&quot;autoScaleSliderHeight&quot;:250}'><\/div><\/div><\/div><\/div><\/div><\/div><\/div><\/div><\/div><\/section><section class=\"l-section wpb_row height_medium\"><div class=\"l-section-h i-cf\"><div class=\"g-cols vc_row via_grid cols_1 laptops-cols_inherit tablets-cols_inherit mobiles-cols_1 valign_top type_default stacking_default\"><div class=\"wpb_column vc_column_container\"><div class=\"vc_column-inner\"><div class=\"w-html\"><iframe src=\"https:\/\/www.google.com\/maps\/embed?pb=!1m18!1m12!1m3!1d3203.1782878114236!2d-4.516313288316798!3d36.59801487218994!2m3!1f0!2f0!3f0!3m2!1i1024!2i768!4f13.1!3m3!1m2!1s0xd72fd0ab9f22799%3A0xbf4b9680e66dd30c!2sPizzeria%20Trattoria%20La%20Parolaccia!5e0!3m2!1sen!2ses!4v1706979245336!5m2!1sen!2ses\" width=\"800\" height=\"600\" style=\"border:0;\" allowfullscreen=\"\" loading=\"lazy\" referrerpolicy=\"no-referrer-when-downgrade\"><\/iframe><\/div><\/div><\/div><\/div><\/div><\/section>\n","protected":false},"excerpt":{"rendered":"El mejor restaurante italiano en Benalm\u00e1dena Pizzeria Trattoria La Parolaccia lleva a\u00f1os ofreciendo a nuestros amigos y clientes esa sabrosa cocina italiana, las mejores pizzas y pastas de la costa. Ven a cenar a nuestro amplio sal\u00f3n y disfruta de nuestro delicioso men\u00fa combinado con las mejores vistas del Puerto Marina. La Parolaccia, tambi\u00e9n sigue...","protected":false},"author":5,"featured_media":0,"parent":0,"menu_order":0,"comment_status":"closed","ping_status":"closed","template":"","meta":{"footnotes":""},"class_list":["post-2986","page","type-page","status-publish","hentry"],"_links":{"self":[{"href":"https:\/\/www.restaurantespuertomarina.com\/es\/wp-json\/wp\/v2\/pages\/2986","targetHints":{"allow":["GET"]}}],"collection":[{"href":"https:\/\/www.restaurantespuertomarina.com\/es\/wp-json\/wp\/v2\/pages"}],"about":[{"href":"https:\/\/www.restaurantespuertomarina.com\/es\/wp-json\/wp\/v2\/types\/page"}],"author":[{"embeddable":true,"href":"https:\/\/www.restaurantespuertomarina.com\/es\/wp-json\/wp\/v2\/users\/5"}],"replies":[{"embeddable":true,"href":"https:\/\/www.restaurantespuertomarina.com\/es\/wp-json\/wp\/v2\/comments?post=2986"}],"version-history":[{"count":5,"href":"https:\/\/www.restaurantespuertomarina.com\/es\/wp-json\/wp\/v2\/pages\/2986\/revisions"}],"predecessor-version":[{"id":17910,"href":"https:\/\/www.restaurantespuertomarina.com\/es\/wp-json\/wp\/v2\/pages\/2986\/revisions\/17910"}],"wp:attachment":[{"href":"https:\/\/www.restaurantespuertomarina.com\/es\/wp-json\/wp\/v2\/media?parent=2986"}],"curies":[{"name":"wp","href":"https:\/\/api.w.org\/{rel}","templated":true}]}}