{"id":2984,"date":"2014-04-10T13:35:37","date_gmt":"2014-04-10T11:35:37","guid":{"rendered":"https:\/\/www.restaurantespuertomarina.com\/?page_id=2984"},"modified":"2026-02-18T13:04:59","modified_gmt":"2026-02-18T12:04:59","slug":"restaurante-toro","status":"publish","type":"page","link":"https:\/\/www.restaurantespuertomarina.com\/es\/restaurante-toro\/","title":{"rendered":"Restaurante Toro"},"content":{"rendered":"<section class=\"l-section wpb_row height_medium\"><div class=\"l-section-h i-cf\"><div class=\"g-cols vc_row via_grid cols_1 laptops-cols_inherit tablets-cols_inherit mobiles-cols_1 valign_top type_default stacking_default\"><div class=\"wpb_column vc_column_container\"><div class=\"vc_column-inner\"><div class=\"g-cols wpb_row via_grid cols_1 laptops-cols_inherit tablets-cols_inherit mobiles-cols_1 valign_top type_default stacking_default\" style=\"--columns-gap:3rem;\"><div class=\"wpb_column vc_column_container\"><div class=\"vc_column-inner\"><div class=\"wpb_text_column\"><div class=\"wpb_wrapper\"><p><img loading=\"lazy\" decoding=\"async\" class=\"aligncenter wp-image-17219 size-us_768_0\" src=\"https:\/\/www.restaurantespuertomarina.com\/wp-content\/uploads\/2024\/01\/restaurante-TORO-768x246.jpg\" alt=\"Spanish Restaurant TORO Benalmadena\" width=\"768\" height=\"246\" srcset=\"https:\/\/www.restaurantespuertomarina.com\/wp-content\/uploads\/2024\/01\/restaurante-TORO-768x246.jpg 768w, https:\/\/www.restaurantespuertomarina.com\/wp-content\/uploads\/2024\/01\/restaurante-TORO-300x96.jpg 300w, https:\/\/www.restaurantespuertomarina.com\/wp-content\/uploads\/2024\/01\/restaurante-TORO-1024x328.jpg 1024w, https:\/\/www.restaurantespuertomarina.com\/wp-content\/uploads\/2024\/01\/restaurante-TORO-350x112.jpg 350w, https:\/\/www.restaurantespuertomarina.com\/wp-content\/uploads\/2024\/01\/restaurante-TORO-600x192.jpg 600w, https:\/\/www.restaurantespuertomarina.com\/wp-content\/uploads\/2024\/01\/restaurante-TORO-1248x400.jpg 1248w, https:\/\/www.restaurantespuertomarina.com\/wp-content\/uploads\/2024\/01\/restaurante-TORO.jpg 1600w\" sizes=\"auto, (max-width: 768px) 100vw, 768px\" \/><\/p>\n<\/div><\/div><\/div><\/div><\/div><div class=\"g-cols wpb_row via_grid cols_1 laptops-cols_inherit tablets-cols_inherit mobiles-cols_1 valign_top type_default stacking_default\" style=\"--columns-gap:3rem;\"><div class=\"wpb_column vc_column_container\"><div class=\"vc_column-inner\"><div class=\"wpb_text_column\"><div class=\"wpb_wrapper\"><h2 style=\"text-align: center;\">Restaurante TORO<\/h2>\n<p style=\"text-align: justify;\">Si lo que queremos es disfrutar de la cocina espa\u00f1ola, en <strong>restaurante Toro<\/strong>, podemos degustar platos tradicionales elaborados con productos de la zona. D\u00e9jate sorprender por la aut\u00e9ntica cocina espa\u00f1ola en el coraz\u00f3n de <strong><a href=\"https:\/\/www.puertomarinabenalmadena.com\/es\/\" target=\"_blank\" rel=\"noopener\">Puerto Deportivo Benalm\u00e1dena<\/a>.<\/strong> Con unas vistas privilegiadas, una decoraci\u00f3n vanguardista y sin perder la esencia de las legendarias tabernas taurinas. Dentro de los platos m\u00e1s demandados de este restaurante est\u00e1n, las croquetas caseras, las gambas al Pil-Pil y el jam\u00f3n y el queso, fruto de la actividad ganadera milenaria de <em>Andaluc\u00eda<\/em>. Adem\u00e1s, ofrecemos nuestro servicio de maridaje de vinos en el que cada plato ir\u00e1 acompa\u00f1ado del vino m\u00e1s id\u00f3neo seg\u00fan el criterio de nuestro sumiller. <strong>Ll\u00e1manos: +34 952 91 31 77 o <a href=\"https:\/\/www.restaurantespuertomarina.com\/es\/reserva-mesa\/\">reserva tu mesa aqu\u00ed<\/a>.<\/strong><\/p>\n<\/div><\/div><\/div><\/div><\/div><div class=\"w-separator size_medium with_line width_default thick_1 style_solid color_border align_center\"><div class=\"w-separator-h\"><\/div><\/div><div class=\"w-btn-wrapper align_center\"><a class=\"w-btn us-btn-style_5\" href=\"https:\/\/www.restaurantespuertomarina.com\/wp-content\/uploads\/2026\/02\/TORO-Puerto-Marina-Menu.pdf\"><span class=\"w-btn-label\">MENU<\/span><\/a><\/div><div class=\"w-btn-wrapper align_center\"><a class=\"w-btn us-btn-style_5\" href=\"https:\/\/www.restaurantespuertomarina.com\/es\/reserva-mesa\/\"><span class=\"w-btn-label\">RESERVAS<\/span><\/a><\/div><\/div><\/div><\/div><\/div><\/section><section class=\"l-section wpb_row height_medium\"><div class=\"l-section-h i-cf\"><div class=\"g-cols vc_row via_grid cols_1 laptops-cols_inherit tablets-cols_inherit mobiles-cols_1 valign_top type_default stacking_default\"><div class=\"wpb_column vc_column_container\"><div class=\"vc_column-inner\"><div class=\"g-cols wpb_row via_grid cols_2 laptops-cols_inherit tablets-cols_inherit mobiles-cols_1 valign_top type_default stacking_default\" style=\"--columns-gap:3rem;\"><div class=\"wpb_column vc_column_container\"><div class=\"vc_column-inner\">[vc_raw_html]JTNDaWZyYW1lJTIwd2lkdGglM0QlMjIxMDAlMjUlMjIlMjBoZWlnaHQlM0QlMjIyNDAlMjIlMjBzcmMlM0QlMjIlMkYlMkZ3d3cueW91dHViZS5jb20lMkZlbWJlZCUyRjU4dGl0OENsdXZRJTNGcmVsJTNEMCUyMiUyMGZyYW1lYm9yZGVyJTNEJTIyMCUyMiUyMGFsbG93ZnVsbHNjcmVlbiUzRSUzQyUyRmlmcmFtZSUzRQ==[\/vc_raw_html]<\/div><\/div><div class=\"wpb_column vc_column_container\"><div class=\"vc_column-inner\"><div class=\"w-slider style_none fit_scaledown nav_none count_9\"><div class=\"w-slider-h\" aria-hidden=\"true\"><div class=\"royalSlider\"><div class=\"rsContent\"><a class=\"rsImg\" data-rsw=\"1000\" data-rsh=\"750\" data-rsBigImg=\"https:\/\/www.restaurantespuertomarina.com\/wp-content\/uploads\/2019\/10\/restaurants-in-benalmadena-2.jpg\" href=\"https:\/\/www.restaurantespuertomarina.com\/wp-content\/uploads\/2019\/10\/restaurants-in-benalmadena-2.jpg\"><span data-alt=\"restaurants in benalmadena\"><\/span><\/a><\/div><div class=\"rsContent\"><a class=\"rsImg\" data-rsw=\"1000\" data-rsh=\"627\" data-rsBigImg=\"https:\/\/www.restaurantespuertomarina.com\/wp-content\/uploads\/2019\/10\/restaurants-in-benalmadena-1.jpg\" href=\"https:\/\/www.restaurantespuertomarina.com\/wp-content\/uploads\/2019\/10\/restaurants-in-benalmadena-1.jpg\"><span data-alt=\"restaurants in benalmadena\"><\/span><\/a><\/div><div class=\"rsContent\"><a class=\"rsImg\" data-rsw=\"1024\" data-rsh=\"720\" data-rsBigImg=\"https:\/\/www.restaurantespuertomarina.com\/wp-content\/uploads\/2019\/10\/Screenshot-2019-10-15-at-10.22.54-AM.png\" href=\"https:\/\/www.restaurantespuertomarina.com\/wp-content\/uploads\/2019\/10\/Screenshot-2019-10-15-at-10.22.54-AM-1024x720.png\"><span data-alt=\"Restaurant Toro Benalmadena\"><\/span><\/a><\/div><div class=\"rsContent\"><a class=\"rsImg\" data-rsw=\"1024\" data-rsh=\"667\" data-rsBigImg=\"https:\/\/www.restaurantespuertomarina.com\/wp-content\/uploads\/2019\/10\/Screenshot-2019-10-15-at-10.21.44-AM.png\" href=\"https:\/\/www.restaurantespuertomarina.com\/wp-content\/uploads\/2019\/10\/Screenshot-2019-10-15-at-10.21.44-AM-1024x667.png\"><span data-alt=\"Restaurant Toro Benalmadena\"><\/span><\/a><\/div><div class=\"rsContent\"><a class=\"rsImg\" data-rsw=\"1024\" data-rsh=\"596\" data-rsBigImg=\"https:\/\/www.restaurantespuertomarina.com\/wp-content\/uploads\/2019\/10\/Screenshot-2019-10-15-at-10.20.17-AM.png\" href=\"https:\/\/www.restaurantespuertomarina.com\/wp-content\/uploads\/2019\/10\/Screenshot-2019-10-15-at-10.20.17-AM-1024x596.png\"><span data-alt=\"Restaurant Toro Benalmadena\"><\/span><\/a><\/div><div class=\"rsContent\"><a class=\"rsImg\" data-rsw=\"1024\" data-rsh=\"659\" data-rsBigImg=\"https:\/\/www.restaurantespuertomarina.com\/wp-content\/uploads\/2019\/10\/Screenshot-2019-10-15-at-10.23.33-AM.png\" href=\"https:\/\/www.restaurantespuertomarina.com\/wp-content\/uploads\/2019\/10\/Screenshot-2019-10-15-at-10.23.33-AM-1024x659.png\"><span data-alt=\"Restaurant Toro Benalmadena\"><\/span><\/a><\/div><div class=\"rsContent\"><a class=\"rsImg\" data-rsw=\"1024\" data-rsh=\"622\" data-rsBigImg=\"https:\/\/www.restaurantespuertomarina.com\/wp-content\/uploads\/2019\/10\/Screenshot-2019-10-15-at-10.20.39-AM.png\" href=\"https:\/\/www.restaurantespuertomarina.com\/wp-content\/uploads\/2019\/10\/Screenshot-2019-10-15-at-10.20.39-AM-1024x622.png\"><span data-alt=\"Restaurant Toro Benalmadena\"><\/span><\/a><\/div><div class=\"rsContent\"><a class=\"rsImg\" data-rsw=\"1024\" data-rsh=\"569\" data-rsBigImg=\"https:\/\/www.restaurantespuertomarina.com\/wp-content\/uploads\/2019\/10\/Screenshot-2019-10-15-at-10.19.44-AM.png\" href=\"https:\/\/www.restaurantespuertomarina.com\/wp-content\/uploads\/2019\/10\/Screenshot-2019-10-15-at-10.19.44-AM-1024x569.png\"><span data-alt=\"Restaurant Toro Benalmadena\"><\/span><\/a><\/div><div class=\"rsContent\"><a class=\"rsImg\" data-rsw=\"954\" data-rsh=\"1024\" data-rsBigImg=\"https:\/\/www.restaurantespuertomarina.com\/wp-content\/uploads\/2019\/10\/Screenshot-2019-10-15-at-9.56.27-AM.png\" href=\"https:\/\/www.restaurantespuertomarina.com\/wp-content\/uploads\/2019\/10\/Screenshot-2019-10-15-at-9.56.27-AM-954x1024.png\"><span data-alt=\"Restaurant Toro Benalmadena\"><\/span><\/a><\/div><\/div><img decoding=\"async\" src=\"https:\/\/www.restaurantespuertomarina.com\/wp-content\/uploads\/2019\/10\/restaurants-in-benalmadena-2.jpg\" width=\"1000\" height=\"750\" alt=\"restaurants in benalmadena\" loading=\"lazy\"><\/div><div class=\"w-slider-json\" onclick='return {&quot;autoScaleSlider&quot;:true,&quot;addActiveClass&quot;:true,&quot;loop&quot;:true,&quot;fadeInLoadedSlide&quot;:false,&quot;slidesSpacing&quot;:0,&quot;imageScalePadding&quot;:0,&quot;numImagesToPreload&quot;:2,&quot;arrowsNav&quot;:true,&quot;arrowsNavAutoHide&quot;:false,&quot;transitionType&quot;:&quot;move&quot;,&quot;transitionSpeed&quot;:250,&quot;block&quot;:{&quot;moveEffect&quot;:&quot;none&quot;,&quot;speed&quot;:300},&quot;thumbs&quot;:{&quot;fitInViewport&quot;:false,&quot;firstMargin&quot;:false,&quot;spacing&quot;:4},&quot;controlNavigation&quot;:&quot;none&quot;,&quot;fullscreen&quot;:{&quot;enabled&quot;:true},&quot;autoScaleSliderWidth&quot;:1000,&quot;autoScaleSliderHeight&quot;:750}'><\/div><\/div><\/div><\/div><\/div><\/div><\/div><\/div><\/div><\/section><section class=\"l-section wpb_row height_medium\"><div class=\"l-section-h i-cf\"><div class=\"g-cols vc_row via_grid cols_1 laptops-cols_inherit tablets-cols_inherit mobiles-cols_1 valign_top type_default stacking_default\"><div class=\"wpb_column vc_column_container\"><div class=\"vc_column-inner\">[vc_raw_html]JTNDaWZyYW1lJTIwc3JjJTNEJTIyaHR0cHMlM0ElMkYlMkZ3d3cuZ29vZ2xlLmNvbSUyRm1hcHMlMkZlbWJlZCUzRnBiJTNEJTIxMW0xOCUyMTFtMTIlMjExbTMlMjExZDMyMDMuMTgwMDUxOTM2MjQ1JTIxMmQtNC41MTUzMTYxODQ5ODI0MzYlMjEzZDM2LjU5Nzk3MjM3OTk5MDYyJTIxMm0zJTIxMWYwJTIxMmYwJTIxM2YwJTIxM20yJTIxMWkxMDI0JTIxMmk3NjglMjE0ZjEzLjElMjEzbTMlMjExbTIlMjExczB4ZDcyZmM2NGUxOGRkMDI3JTI1M0EweDcwYjAxYjc2Njk0ZTMxMmMlMjEyc1Jlc3RhdXJhbnQlMjUyMFRvcm8lMjE1ZTAlMjEzbTIlMjExc2VuJTIxMnNlcyUyMTR2MTU3MTEyNDM5NzU2OSUyMTVtMiUyMTFzZW4lMjEyc2VzJTIyJTIwd2lkdGglM0QlMjIxMDAlMjUlMjIlMjBoZWlnaHQlM0QlMjI0NTAlMjIlMjBmcmFtZWJvcmRlciUzRCUyMjAlMjIlMjBzdHlsZSUzRCUyMmJvcmRlciUzQTAlM0IlMjIlMjBhbGxvd2Z1bGxzY3JlZW4lM0QlMjIlMjIlM0UlM0MlMkZpZnJhbWUlM0U=[\/vc_raw_html]<\/div><\/div><\/div><\/div><\/section>\n","protected":false},"excerpt":{"rendered":"Restaurante TORO Si lo que queremos es disfrutar de la cocina espa\u00f1ola, en restaurante Toro, podemos degustar platos tradicionales elaborados con productos de la zona. D\u00e9jate sorprender por la aut\u00e9ntica cocina espa\u00f1ola en el coraz\u00f3n de Puerto Deportivo Benalm\u00e1dena. Con unas vistas privilegiadas, una decoraci\u00f3n vanguardista y sin perder la esencia de las legendarias tabernas...","protected":false},"author":5,"featured_media":0,"parent":0,"menu_order":0,"comment_status":"closed","ping_status":"closed","template":"","meta":{"footnotes":""},"class_list":["post-2984","page","type-page","status-publish","hentry"],"_links":{"self":[{"href":"https:\/\/www.restaurantespuertomarina.com\/es\/wp-json\/wp\/v2\/pages\/2984","targetHints":{"allow":["GET"]}}],"collection":[{"href":"https:\/\/www.restaurantespuertomarina.com\/es\/wp-json\/wp\/v2\/pages"}],"about":[{"href":"https:\/\/www.restaurantespuertomarina.com\/es\/wp-json\/wp\/v2\/types\/page"}],"author":[{"embeddable":true,"href":"https:\/\/www.restaurantespuertomarina.com\/es\/wp-json\/wp\/v2\/users\/5"}],"replies":[{"embeddable":true,"href":"https:\/\/www.restaurantespuertomarina.com\/es\/wp-json\/wp\/v2\/comments?post=2984"}],"version-history":[{"count":4,"href":"https:\/\/www.restaurantespuertomarina.com\/es\/wp-json\/wp\/v2\/pages\/2984\/revisions"}],"predecessor-version":[{"id":18163,"href":"https:\/\/www.restaurantespuertomarina.com\/es\/wp-json\/wp\/v2\/pages\/2984\/revisions\/18163"}],"wp:attachment":[{"href":"https:\/\/www.restaurantespuertomarina.com\/es\/wp-json\/wp\/v2\/media?parent=2984"}],"curies":[{"name":"wp","href":"https:\/\/api.w.org\/{rel}","templated":true}]}}