{"id":17622,"date":"2014-04-10T13:37:27","date_gmt":"2014-04-10T11:37:27","guid":{"rendered":"https:\/\/www.restaurantespuertomarina.com\/sobre-nosotros-2\/"},"modified":"2024-09-02T16:19:55","modified_gmt":"2024-09-02T14:19:55","slug":"sobre-nosotros","status":"publish","type":"page","link":"https:\/\/www.restaurantespuertomarina.com\/es\/sobre-nosotros\/","title":{"rendered":"Sobre Nosotros"},"content":{"rendered":"<section class=\"l-section wpb_row height_medium\"><div class=\"l-section-h i-cf\"><div class=\"g-cols vc_row via_grid cols_1 laptops-cols_inherit tablets-cols_inherit mobiles-cols_1 valign_top type_default stacking_default\"><div class=\"wpb_column vc_column_container\"><div class=\"vc_column-inner\"><div class=\"g-cols wpb_row via_grid cols_1 laptops-cols_inherit tablets-cols_inherit mobiles-cols_1 valign_top type_default stacking_default\" style=\"--columns-gap:3rem;\"><div class=\"wpb_column vc_column_container\"><div class=\"vc_column-inner\"><div class=\"w-image align_center\"><div class=\"w-image-h\"><img decoding=\"async\" width=\"1200\" height=\"642\" src=\"https:\/\/www.restaurantespuertomarina.com\/wp-content\/uploads\/2024\/01\/restaurantes-puerto-marina-benalmadena.jpg\" class=\"attachment-full size-full\" alt=\"best restaurantes benalmadena\" loading=\"lazy\" srcset=\"https:\/\/www.restaurantespuertomarina.com\/wp-content\/uploads\/2024\/01\/restaurantes-puerto-marina-benalmadena.jpg 1200w, https:\/\/www.restaurantespuertomarina.com\/wp-content\/uploads\/2024\/01\/restaurantes-puerto-marina-benalmadena-300x161.jpg 300w, https:\/\/www.restaurantespuertomarina.com\/wp-content\/uploads\/2024\/01\/restaurantes-puerto-marina-benalmadena-1024x548.jpg 1024w, https:\/\/www.restaurantespuertomarina.com\/wp-content\/uploads\/2024\/01\/restaurantes-puerto-marina-benalmadena-350x187.jpg 350w, https:\/\/www.restaurantespuertomarina.com\/wp-content\/uploads\/2024\/01\/restaurantes-puerto-marina-benalmadena-600x321.jpg 600w, https:\/\/www.restaurantespuertomarina.com\/wp-content\/uploads\/2024\/01\/restaurantes-puerto-marina-benalmadena-768x411.jpg 768w, https:\/\/www.restaurantespuertomarina.com\/wp-content\/uploads\/2024\/01\/restaurantes-puerto-marina-benalmadena-748x400.jpg 748w\" sizes=\"auto, (max-width: 1200px) 100vw, 1200px\" \/><\/div><\/div><div class=\"w-separator size_medium\"><\/div><\/div><\/div><\/div><div class=\"g-cols wpb_row via_grid cols_1 laptops-cols_inherit tablets-cols_inherit mobiles-cols_1 valign_top type_default stacking_default\" style=\"--columns-gap:3rem;\"><div class=\"wpb_column vc_column_container\"><div class=\"vc_column-inner\"><div class=\"wpb_text_column\"><div class=\"wpb_wrapper\"><h2><strong><img loading=\"lazy\" decoding=\"async\" class=\"alignleft wp-image-17150 size-full\" src=\"https:\/\/www.restaurantespuertomarina.com\/wp-content\/uploads\/2024\/01\/restaurantes-puerto-benalmadena.jpg\" alt=\"Mejores Restaurantes Benalm\u00e1dena\" width=\"200\" height=\"236\" \/><\/strong>Mejores Restaurantes Benalm\u00e1dena<\/h2>\n<p><strong>Puerto Marina<\/strong> ofrece un mundo de gastronom\u00eda en el coraz\u00f3n de la Costa del Sol. \u00a1<a href=\"https:\/\/www.puertomarinabenalmadena.com\" target=\"_blank\" rel=\"noopener\"><strong>Puerto Marina Benalm\u00e1dena<\/strong><\/a> ha sido galardonado dos veces como el mejor del mundo! Hemos adaptado nuestra cocina a los gustos y exigencias de nuestros clientes. Transportamos a nuestros visitantes de la marina a Argentina, M\u00e9xico, Italia y por supuesto, Espa\u00f1a, mientras pasean por la galer\u00eda de los restaurantes. Comenzamos el recorrido con el restaurante italiano <a href=\"https:\/\/www.restaurantespuertomarina.com\/trattoria-la-parolaccia\/\"><strong>Pizzeria Trattoria La Parolaccia<\/strong><\/a>, un lugar para compartir una pizza o un plato de pasta con amigos y familiares, con todo el sabor de Roma. En <a href=\"https:\/\/www.restaurantespuertomarina.com\/es\/steakhouse-angus-benalmadena\/\"><strong>Steakhouse ANGUS Puerto Marina<\/strong><\/a>, especializado en las mejores carnes ANGUS, donde podr\u00e1s sentarte a degustar una gran variedad de carnes a la brasa y cortes ANGUS cocinados a la perfecci\u00f3n.<\/p>\n<p>Continuando el recorrido encontrar\u00e1 <a href=\"https:\/\/www.restaurantespuertomarina.com\/es\/restaurante-toro\/\"><strong>TORO-Taste of Spain<\/strong><\/a>, que basa su men\u00fa en la cocina tradicional espa\u00f1ola y los vinos nacionales, y finalmente <a href=\"https:\/\/www.restaurantespuertomarina.com\/es\/restaurante-tex-mex-gringos\/\"><strong>Tex Mex Gringos<\/strong><\/a>, nuestro mexicano por excelencia en el que podr\u00e1 disfrutar de nuestras deliciosas fajitas, quesadillas, enchiladas, soberbios bistecs ANGUS. y hamburguesas de res Angus tama\u00f1o Texas.<\/p>\n<p>Todos los restaurantes de Puerto Marina est\u00e1n ubicados en el coraz\u00f3n del Puerto para que nuestros clientes puedan disfrutar de unas vistas inmejorables y un ambiente relajado. Para completar el recorrido gastron\u00f3mico de Puerto Marina, te presentamos <strong>Gelateria di Porto Marina<\/strong>, <strong>Gelateria de Porto Marina II y Gelateria de Porto Marina III<\/strong>, visita obligada para los amantes del helado artesanal con elaboraci\u00f3n diaria, donde degustar\u00e1s una gran variedad de sabores y texturas con la especial atenci\u00f3n que merecen nuestros clientes.<\/p>\n<p><strong>Mejores Restaurantes Benalm\u00e1dena<\/strong><\/p>\n<\/div><\/div><\/div><\/div><\/div><div class=\"w-separator size_small\"><\/div><\/div><\/div><\/div><\/div><\/section>\n","protected":false},"excerpt":{"rendered":"Mejores Restaurantes Benalm\u00e1dena Puerto Marina ofrece un mundo de gastronom\u00eda en el coraz\u00f3n de la Costa del Sol. \u00a1Puerto Marina Benalm\u00e1dena ha sido galardonado dos veces como el mejor del mundo! Hemos adaptado nuestra cocina a los gustos y exigencias de nuestros clientes. Transportamos a nuestros visitantes de la marina a Argentina, M\u00e9xico, Italia y...","protected":false},"author":5,"featured_media":0,"parent":0,"menu_order":0,"comment_status":"closed","ping_status":"closed","template":"","meta":{"footnotes":""},"class_list":["post-17622","page","type-page","status-publish","hentry"],"_links":{"self":[{"href":"https:\/\/www.restaurantespuertomarina.com\/es\/wp-json\/wp\/v2\/pages\/17622","targetHints":{"allow":["GET"]}}],"collection":[{"href":"https:\/\/www.restaurantespuertomarina.com\/es\/wp-json\/wp\/v2\/pages"}],"about":[{"href":"https:\/\/www.restaurantespuertomarina.com\/es\/wp-json\/wp\/v2\/types\/page"}],"author":[{"embeddable":true,"href":"https:\/\/www.restaurantespuertomarina.com\/es\/wp-json\/wp\/v2\/users\/5"}],"replies":[{"embeddable":true,"href":"https:\/\/www.restaurantespuertomarina.com\/es\/wp-json\/wp\/v2\/comments?post=17622"}],"version-history":[{"count":5,"href":"https:\/\/www.restaurantespuertomarina.com\/es\/wp-json\/wp\/v2\/pages\/17622\/revisions"}],"predecessor-version":[{"id":17665,"href":"https:\/\/www.restaurantespuertomarina.com\/es\/wp-json\/wp\/v2\/pages\/17622\/revisions\/17665"}],"wp:attachment":[{"href":"https:\/\/www.restaurantespuertomarina.com\/es\/wp-json\/wp\/v2\/media?parent=17622"}],"curies":[{"name":"wp","href":"https:\/\/api.w.org\/{rel}","templated":true}]}}