{"id":17619,"date":"2014-04-10T13:33:08","date_gmt":"2014-04-10T11:33:08","guid":{"rendered":"https:\/\/www.restaurantespuertomarina.com\/restaurante-tex-mex-gringos-2\/"},"modified":"2025-01-15T11:50:08","modified_gmt":"2025-01-15T10:50:08","slug":"restaurante-tex-mex-gringos","status":"publish","type":"page","link":"https:\/\/www.restaurantespuertomarina.com\/es\/restaurante-tex-mex-gringos\/","title":{"rendered":"Restaurante Tex Mex Gringos"},"content":{"rendered":"<section class=\"l-section wpb_row height_medium\"><div class=\"l-section-h i-cf\"><div class=\"g-cols vc_row via_grid cols_1 laptops-cols_inherit tablets-cols_inherit mobiles-cols_1 valign_top type_default stacking_default\"><div class=\"wpb_column vc_column_container\"><div class=\"vc_column-inner\"><div class=\"g-cols wpb_row via_grid cols_1 laptops-cols_inherit tablets-cols_inherit mobiles-cols_1 valign_top type_default stacking_default\" style=\"--columns-gap:3rem;\"><div class=\"wpb_column vc_column_container\"><div class=\"vc_column-inner\"><div class=\"wpb_text_column\"><div class=\"wpb_wrapper\"><h2 style=\"text-align: center;\"><img loading=\"lazy\" decoding=\"async\" class=\"aligncenter wp-image-17237 size-us_768_0\" src=\"https:\/\/www.restaurantespuertomarina.com\/wp-content\/uploads\/2024\/01\/mexican-restaurant-Benalmadena-768x246.jpg\" alt=\"Restaurante mexicano Benalm\u00e1dena\" width=\"768\" height=\"246\" srcset=\"https:\/\/www.restaurantespuertomarina.com\/wp-content\/uploads\/2024\/01\/mexican-restaurant-Benalmadena-768x246.jpg 768w, https:\/\/www.restaurantespuertomarina.com\/wp-content\/uploads\/2024\/01\/mexican-restaurant-Benalmadena-300x96.jpg 300w, https:\/\/www.restaurantespuertomarina.com\/wp-content\/uploads\/2024\/01\/mexican-restaurant-Benalmadena-1024x328.jpg 1024w, https:\/\/www.restaurantespuertomarina.com\/wp-content\/uploads\/2024\/01\/mexican-restaurant-Benalmadena-350x112.jpg 350w, https:\/\/www.restaurantespuertomarina.com\/wp-content\/uploads\/2024\/01\/mexican-restaurant-Benalmadena-600x192.jpg 600w, https:\/\/www.restaurantespuertomarina.com\/wp-content\/uploads\/2024\/01\/mexican-restaurant-Benalmadena-1248x400.jpg 1248w, https:\/\/www.restaurantespuertomarina.com\/wp-content\/uploads\/2024\/01\/mexican-restaurant-Benalmadena.jpg 1600w\" sizes=\"auto, (max-width: 768px) 100vw, 768px\" \/><br \/>\nRestaurante Tex Mex Gringos<\/h2>\n<p style=\"text-align: justify;\">Restaurante Tex Mex Gringos es una fusi\u00f3n de lo mejor del <a href=\"https:\/\/en.wikipedia.org\/wiki\/Tex-Mex\" target=\"_blank\" rel=\"noopener\">Tex Mex<\/a> y la comida mexicana. Tenemos tus platillos mexicanos favoritos y tradicionales. Nuestros platos est\u00e1n elaborados utilizando s\u00f3lo los ingredientes m\u00e1s frescos y de alta calidad para nuestras queridas recetas y que crean una fiesta en tu paladar. Despierta tus sentidos, mu\u00e9vete a M\u00e9xico por un tiempo. \u00bfPide nuestras fajitas o qu\u00e9 tal un burrito? Los amantes de la comida con especias tienen la euforia asegurada. Durante los \u00faltimos a\u00f1os, nuestros chefs han estado modificando el Tex-Mex Gringo para adaptarlo a la nueva generaci\u00f3n de \u00e1vidos amantes de esta cocina. \u00a1Prueba nuestras hamburguesas tama\u00f1o texano o filetes chisporroteantes cocinados como quieras! Reserve en <a href=\"https:\/\/www.restaurantespuertomarina.com\/es\/reserva-mesa\/\">l\u00ednea aqu\u00ed.<\/a><\/p>\n<\/div><\/div><div class=\"w-separator size_medium\"><\/div><div class=\"w-btn-wrapper align_center\"><a class=\"w-btn us-btn-style_12\" href=\"https:\/\/www.restaurantespuertomarina.com\/wp-content\/uploads\/2024\/06\/MENU-Gringos-may-24.pdf\"><span class=\"w-btn-label\">MENU<\/span><\/a><\/div><div class=\"w-separator size_small\"><\/div><div class=\"w-btn-wrapper align_center\"><a class=\"w-btn us-btn-style_12\" href=\"https:\/\/www.restaurantespuertomarina.com\/es\/reserva-mesa\/\"><span class=\"w-btn-label\">RESERVAS<\/span><\/a><\/div><\/div><\/div><\/div><\/div><\/div><\/div><\/div><\/section><section class=\"l-section wpb_row height_medium\"><div class=\"l-section-h i-cf\"><div class=\"g-cols vc_row via_grid cols_2 laptops-cols_inherit tablets-cols_inherit mobiles-cols_1 valign_top type_default stacking_default\"><div class=\"wpb_column vc_column_container\"><div class=\"vc_column-inner\">[vc_raw_html]PGlmcmFtZSB3aWR0aD0iMTAwJSIgaGVpZ2h0PSIyNDAiIHNyYz0iLy93d3cueW91dHViZS5jb20vZW1iZWQvQjdkZWt6c1E0Mnc\/cmVsPTAiIGZyYW1lYm9yZGVyPSIwIiBhbGxvd2Z1bGxzY3JlZW49IiI+PC9pZnJhbWU+[\/vc_raw_html]<\/div><\/div><div class=\"wpb_column vc_column_container\"><div class=\"vc_column-inner\"><div class=\"w-slider style_none fit_scaledown nav_none count_7\"><div class=\"w-slider-h\" aria-hidden=\"true\"><div class=\"royalSlider\"><div class=\"rsContent\"><a class=\"rsImg\" data-rsw=\"500\" data-rsh=\"312\" href=\"https:\/\/www.restaurantespuertomarina.com\/wp-content\/uploads\/2013\/06\/tex-mex-benalmadena-7.png\"><span data-alt=\"\"><\/span><\/a><\/div><div class=\"rsContent\"><a class=\"rsImg\" data-rsw=\"500\" data-rsh=\"312\" href=\"https:\/\/www.restaurantespuertomarina.com\/wp-content\/uploads\/2013\/06\/tex-mex-benalmadena-5.png\"><span data-alt=\"\"><\/span><\/a><\/div><div class=\"rsContent\"><a class=\"rsImg\" data-rsw=\"500\" data-rsh=\"312\" href=\"https:\/\/www.restaurantespuertomarina.com\/wp-content\/uploads\/2013\/06\/tex-mex-benalmadena-6.png\"><span data-alt=\"\"><\/span><\/a><\/div><div class=\"rsContent\"><a class=\"rsImg\" data-rsw=\"500\" data-rsh=\"312\" href=\"https:\/\/www.restaurantespuertomarina.com\/wp-content\/uploads\/2013\/06\/tex-mex-benalmadena-4.png\"><span data-alt=\"\"><\/span><\/a><\/div><div class=\"rsContent\"><a class=\"rsImg\" data-rsw=\"500\" data-rsh=\"312\" href=\"https:\/\/www.restaurantespuertomarina.com\/wp-content\/uploads\/2013\/06\/tex-mex-benalmadena-3.png\"><span data-alt=\"\"><\/span><\/a><\/div><div class=\"rsContent\"><a class=\"rsImg\" data-rsw=\"500\" data-rsh=\"312\" href=\"https:\/\/www.restaurantespuertomarina.com\/wp-content\/uploads\/2013\/06\/tex-mex-benalmadena-2.png\"><span data-alt=\"\"><\/span><\/a><\/div><div class=\"rsContent\"><a class=\"rsImg\" data-rsw=\"500\" data-rsh=\"312\" href=\"https:\/\/www.restaurantespuertomarina.com\/wp-content\/uploads\/2013\/06\/tex-mex-benalmadena-1.png\"><span data-alt=\"\"><\/span><\/a><\/div><\/div><img decoding=\"async\" src=\"https:\/\/www.restaurantespuertomarina.com\/wp-content\/uploads\/2013\/06\/tex-mex-benalmadena-7.png\" width=\"500\" height=\"312\" alt loading=\"lazy\"><\/div><div class=\"w-slider-json\" onclick='return {&quot;autoScaleSlider&quot;:true,&quot;addActiveClass&quot;:true,&quot;loop&quot;:true,&quot;fadeInLoadedSlide&quot;:false,&quot;slidesSpacing&quot;:0,&quot;imageScalePadding&quot;:0,&quot;numImagesToPreload&quot;:2,&quot;arrowsNav&quot;:true,&quot;arrowsNavAutoHide&quot;:false,&quot;transitionType&quot;:&quot;move&quot;,&quot;transitionSpeed&quot;:250,&quot;block&quot;:{&quot;moveEffect&quot;:&quot;none&quot;,&quot;speed&quot;:300},&quot;thumbs&quot;:{&quot;fitInViewport&quot;:false,&quot;firstMargin&quot;:false,&quot;spacing&quot;:4},&quot;controlNavigation&quot;:&quot;none&quot;,&quot;autoScaleSliderWidth&quot;:500,&quot;autoScaleSliderHeight&quot;:312}'><\/div><\/div><\/div><\/div><\/div><\/div><\/section><section class=\"l-section wpb_row height_medium\"><div class=\"l-section-h i-cf\"><div class=\"g-cols vc_row via_grid cols_1 laptops-cols_inherit tablets-cols_inherit mobiles-cols_1 valign_top type_default stacking_default\"><div class=\"wpb_column vc_column_container\"><div class=\"vc_column-inner\">[vc_raw_html]PGlmcmFtZSBzcmM9Imh0dHBzOi8vd3d3Lmdvb2dsZS5jb20vbWFwcy9lbWJlZD9wYj0hMW0xOCExbTEyITFtMyExZDE2MDEuNTk2OTM5MTUxMTc3OCEyZC00LjUxMzgzNDg0MTg0MjgxMSEzZDM2LjU5NzYzOTM0NDk5NzcxITJtMyExZjAhMmYwITNmMCEzbTIhMWkxMDI0ITJpNzY4ITRmMTMuMSEzbTMhMW0yITFzMHhkNzJmYzY0ZTNmNzJhYTUlM0EweDVmOGJjZmQxYjk5Njc5OWEhMnNNZXhpY2FuLVRleCUyME1leCUyMEdyaW5nbydzITVlMCEzbTIhMXNlbiEyc2VzITR2MTU3MTEzMTE5NTc1NyE1bTIhMXNlbiEyc2VzIiB3aWR0aD0iMTAwJSIgaGVpZ2h0PSI0NTAiIGZyYW1lYm9yZGVyPSIwIiBzdHlsZT0iYm9yZGVyOjA7IiBhbGxvd2Z1bGxzY3JlZW49IiI+PC9pZnJhbWU+[\/vc_raw_html]<\/div><\/div><\/div><\/div><\/section>\n","protected":false},"excerpt":{"rendered":"Restaurante Tex Mex Gringos Restaurante Tex Mex Gringos es una fusi\u00f3n de lo mejor del Tex Mex y la comida mexicana. Tenemos tus platillos mexicanos favoritos y tradicionales. Nuestros platos est\u00e1n elaborados utilizando s\u00f3lo los ingredientes m\u00e1s frescos y de alta calidad para nuestras queridas recetas y que crean una fiesta en tu paladar. Despierta...","protected":false},"author":5,"featured_media":0,"parent":0,"menu_order":0,"comment_status":"closed","ping_status":"closed","template":"","meta":{"footnotes":""},"class_list":["post-17619","page","type-page","status-publish","hentry"],"_links":{"self":[{"href":"https:\/\/www.restaurantespuertomarina.com\/es\/wp-json\/wp\/v2\/pages\/17619","targetHints":{"allow":["GET"]}}],"collection":[{"href":"https:\/\/www.restaurantespuertomarina.com\/es\/wp-json\/wp\/v2\/pages"}],"about":[{"href":"https:\/\/www.restaurantespuertomarina.com\/es\/wp-json\/wp\/v2\/types\/page"}],"author":[{"embeddable":true,"href":"https:\/\/www.restaurantespuertomarina.com\/es\/wp-json\/wp\/v2\/users\/5"}],"replies":[{"embeddable":true,"href":"https:\/\/www.restaurantespuertomarina.com\/es\/wp-json\/wp\/v2\/comments?post=17619"}],"version-history":[{"count":13,"href":"https:\/\/www.restaurantespuertomarina.com\/es\/wp-json\/wp\/v2\/pages\/17619\/revisions"}],"predecessor-version":[{"id":17830,"href":"https:\/\/www.restaurantespuertomarina.com\/es\/wp-json\/wp\/v2\/pages\/17619\/revisions\/17830"}],"wp:attachment":[{"href":"https:\/\/www.restaurantespuertomarina.com\/es\/wp-json\/wp\/v2\/media?parent=17619"}],"curies":[{"name":"wp","href":"https:\/\/api.w.org\/{rel}","templated":true}]}}