{"id":16886,"date":"2023-05-25T09:59:42","date_gmt":"2023-05-25T07:59:42","guid":{"rendered":"https:\/\/www.restaurantespuertomarina.com\/?page_id=16886"},"modified":"2025-12-30T07:58:33","modified_gmt":"2025-12-30T06:58:33","slug":"reserva-mesa","status":"publish","type":"page","link":"https:\/\/www.restaurantespuertomarina.com\/es\/reserva-mesa\/","title":{"rendered":"RESERVAS"},"content":{"rendered":"<section class=\"l-section wpb_row us_custom_e4eb24e1 height_medium width_full\"><div class=\"l-section-overlay\" style=\"background:#e8e8e8\"><\/div><div class=\"l-section-h i-cf\"><div class=\"g-cols vc_row via_grid cols_1-2-1 laptops-cols_inherit tablets-cols_inherit mobiles-cols_1 valign_top type_default stacking_default\"><div class=\"wpb_column vc_column_container us_custom_eb849559\"><div class=\"vc_column-inner\"><\/div><\/div><div class=\"wpb_column vc_column_container\"><div class=\"vc_column-inner\"><div class=\"wpb_text_column us_custom_1383a46e\"><div class=\"wpb_wrapper\"><p style=\"text-align: center;\"><strong>Haga su reserva en el restaurante de su elecci\u00f3n.<\/strong><br \/>\n<strong>Si es un grupo de 10 personas o m\u00e1s, env\u00ede un correo electr\u00f3nico a:<\/strong><br \/>\n<strong><a href=\"mailto:reservas@restaurantespuertomarina.com\">reservas@restaurantespuertomarina.com<\/a> o llame al +34 951 777 848.<\/strong><\/p>\n<\/div><\/div><\/div><\/div><div class=\"wpb_column vc_column_container\"><div class=\"vc_column-inner\"><\/div><\/div><\/div><\/div><\/section><section class=\"l-section wpb_row height_medium width_full with_img\"><div class=\"l-section-img\" role=\"img\" aria-label=\"best restaurants benalmadena\" data-img-width=\"1200\" data-img-height=\"800\" style=\"background-image: url(https:\/\/www.restaurantespuertomarina.com\/wp-content\/uploads\/2023\/05\/IMG_0011.jpg);background-repeat: no-repeat;\"><\/div><div class=\"l-section-overlay\" style=\"background:var(--color-header-transparent-bg)\"><\/div><div class=\"l-section-h i-cf\"><div class=\"g-cols vc_row via_grid cols_1 laptops-cols_inherit tablets-cols_inherit mobiles-cols_1 valign_top type_default stacking_default\"><div class=\"wpb_column vc_column_container\"><div class=\"vc_column-inner\"><div class=\"w-btn-wrapper align_center\"><a class=\"w-btn us-btn-style_1\" target=\"_blank\" rel=\"nofollow noopener\" href=\"https:\/\/widget.thefork.com\/2f3ae77a-89ce-423d-8894-8adcb49efb16\"><span class=\"w-btn-label\">ANGUS Puerto Marina<\/span><\/a><\/div><div class=\"w-separator size_small\"><\/div><div class=\"w-btn-wrapper align_center\"><a class=\"w-btn us-btn-style_1\" target=\"_blank\" rel=\"nofollow noopener\" href=\"https:\/\/widget.thefork.com\/11a3171e-ead5-47a1-bb85-f1a157d480f8\"><span class=\"w-btn-label\">Pizzeria La Parolaccia<\/span><\/a><\/div><div class=\"w-separator size_small\"><\/div><div class=\"w-btn-wrapper align_center\"><a class=\"w-btn us-btn-style_1\" target=\"_blank\" rel=\"nofollow noopener\" href=\"https:\/\/widget.thefork.com\/1bc936ba-510b-4d78-af61-12c6a6650fc4\"><span class=\"w-btn-label\">TORO Puerto Marina<\/span><\/a><\/div><div class=\"w-separator size_small\"><\/div><div class=\"w-btn-wrapper align_center\"><a class=\"w-btn us-btn-style_1\" target=\"_blank\" rel=\"nofollow noopener\" href=\"https:\/\/widget.thefork.com\/9fbcd481-49d4-4266-b60d-ef6b6e0e69e2\"><span class=\"w-btn-label\">Tex Mex Gringos<\/span><\/a><\/div><\/div><\/div><\/div><\/div><\/section>\n","protected":false},"excerpt":{"rendered":"Haga su reserva en el restaurante de su elecci\u00f3n. Si es un grupo de 10 personas o m\u00e1s, env\u00ede un correo electr\u00f3nico a: reservas@restaurantespuertomarina.com o llame al +34 951 777 848. ANGUS Puerto MarinaPizzeria La ParolacciaTORO Puerto MarinaTex Mex Gringos","protected":false},"author":5,"featured_media":0,"parent":0,"menu_order":0,"comment_status":"closed","ping_status":"closed","template":"","meta":{"footnotes":""},"class_list":["post-16886","page","type-page","status-publish","hentry"],"_links":{"self":[{"href":"https:\/\/www.restaurantespuertomarina.com\/es\/wp-json\/wp\/v2\/pages\/16886","targetHints":{"allow":["GET"]}}],"collection":[{"href":"https:\/\/www.restaurantespuertomarina.com\/es\/wp-json\/wp\/v2\/pages"}],"about":[{"href":"https:\/\/www.restaurantespuertomarina.com\/es\/wp-json\/wp\/v2\/types\/page"}],"author":[{"embeddable":true,"href":"https:\/\/www.restaurantespuertomarina.com\/es\/wp-json\/wp\/v2\/users\/5"}],"replies":[{"embeddable":true,"href":"https:\/\/www.restaurantespuertomarina.com\/es\/wp-json\/wp\/v2\/comments?post=16886"}],"version-history":[{"count":69,"href":"https:\/\/www.restaurantespuertomarina.com\/es\/wp-json\/wp\/v2\/pages\/16886\/revisions"}],"predecessor-version":[{"id":18095,"href":"https:\/\/www.restaurantespuertomarina.com\/es\/wp-json\/wp\/v2\/pages\/16886\/revisions\/18095"}],"wp:attachment":[{"href":"https:\/\/www.restaurantespuertomarina.com\/es\/wp-json\/wp\/v2\/media?parent=16886"}],"curies":[{"name":"wp","href":"https:\/\/api.w.org\/{rel}","templated":true}]}}