{"id":15521,"date":"2014-04-10T12:38:06","date_gmt":"2014-04-10T10:38:06","guid":{"rendered":"https:\/\/www.restaurantespuertomarina.com\/inico\/"},"modified":"2026-04-27T16:53:46","modified_gmt":"2026-04-27T14:53:46","slug":"inico","status":"publish","type":"page","link":"https:\/\/www.restaurantespuertomarina.com\/es\/","title":{"rendered":"Inicio"},"content":{"rendered":"<section class=\"l-section wpb_row height_auto width_full\"><div class=\"l-section-h i-cf\"><div class=\"g-cols vc_row via_grid cols_1 laptops-cols_inherit tablets-cols_inherit mobiles-cols_1 valign_top type_default stacking_default\"><div class=\"wpb_column vc_column_container\"><div class=\"vc_column-inner\">[rev_slider_vc alias=\u00bbslider-1-11&#8243;]<\/div><\/div><\/div><\/div><\/section><section class=\"l-section wpb_row height_medium color_alternate\"><div class=\"l-section-overlay\" style=\"background:#ffffff\"><\/div><div class=\"l-section-h i-cf\"><div class=\"g-cols vc_row via_grid cols_1 laptops-cols_inherit tablets-cols_inherit mobiles-cols_1 valign_top type_default stacking_default\"><div class=\"wpb_column vc_column_container us_custom_4fb9e5a3 has_bg_color\"><div class=\"vc_column-inner\"><div class=\"g-cols wpb_row via_grid cols_1 laptops-cols_inherit tablets-cols_inherit mobiles-cols_1 valign_top type_default stacking_default\" style=\"--columns-gap:3rem;\"><div class=\"wpb_column vc_column_container\"><div class=\"vc_column-inner\"><div class=\"w-separator size_medium with_line width_default thick_1 style_solid color_border align_center with_content\"><div class=\"w-separator-h\"><i class=\"fas fa-anchor\"><\/i><\/div><\/div><div class=\"w-btn-wrapper align_center\"><a class=\"w-btn us-btn-style_3 us_custom_a5c88937\" target=\"_blank\" rel=\"nofollow\" title=\"reservas\" href=\"https:\/\/www.restaurantespuertomarina.com\/es\/reserva-mesa\/\"><span class=\"w-btn-label\">RESERVAS<\/span><\/a><\/div><div class=\"w-separator size_medium\"><\/div><div class=\"wpb_text_column\"><div class=\"wpb_wrapper\"><p><strong><img loading=\"lazy\" decoding=\"async\" class=\"aligncenter wp-image-17927 size-medium\" src=\"https:\/\/www.restaurantespuertomarina.com\/wp-content\/uploads\/2025\/10\/restaurants-puerto-marina-240x300.jpg\" alt=\"mejores restaurantes benalmadena\" width=\"240\" height=\"300\" srcset=\"https:\/\/www.restaurantespuertomarina.com\/wp-content\/uploads\/2025\/10\/restaurants-puerto-marina-240x300.jpg 240w, https:\/\/www.restaurantespuertomarina.com\/wp-content\/uploads\/2025\/10\/restaurants-puerto-marina-280x350.jpg 280w, https:\/\/www.restaurantespuertomarina.com\/wp-content\/uploads\/2025\/10\/restaurants-puerto-marina.jpg 300w\" sizes=\"auto, (max-width: 240px) 100vw, 240px\" \/><\/strong><\/p>\n<p>Los mejores restaurantes de Benalm\u00e1dena ofrecen un mundo gastron\u00f3mico en el coraz\u00f3n de la Costa del Sol. \u00a1El <a href=\"https:\/\/www.puertomarinabenalmadena.com\/\" target=\"_blank\" rel=\"noopener\">Puerto Deportivo de Benalm\u00e1dena<\/a> ha sido galardonado como el mejor del mundo dos veces! Hemos adaptado nuestra cocina a los gustos y exigencias de nuestros clientes. Transportamos a nuestros visitantes del puerto deportivo a Argentina, M\u00e9xico, Italia y, por supuesto, Espa\u00f1a, mientras pasean por la galer\u00eda de restaurantes. Comenzamos el recorrido con el restaurante italiano <a href=\"https:\/\/www.restaurantespuertomarina.com\/trattoria-la-parolaccia-3\/\">Pizzeria Trattoria La Parolaccia<\/a>, un lugar para compartir una pizza o un plato de pasta con amigos y familiares, con todo el sabor de Roma. En <a href=\"https:\/\/www.restaurantespuertomarina.com\/es\/steakhouse-angus-benalmadena-2\/\">Steakhouse ANGUS Puerto Marina<\/a>, especializado en las mejores carnes a la brasa, donde podr\u00e1 sentarse a degustar una amplia variedad de carnes y cortes ANGUS cocinados a la perfecci\u00f3n.<\/p>\n<p>Continuando el recorrido se encuentra <a href=\"https:\/\/www.restaurantespuertomarina.com\/es\/restaurante-toro-6\/\">TORO<\/a>-Taste of Spain, que basa su men\u00fa en la cocina tradicional espa\u00f1ola y los vinos nacionales, y por \u00faltimo <a href=\"https:\/\/www.restaurantespuertomarina.com\/es\/restaurante-tex-mex-gringos-2\/\">Tex Mex Gringos<\/a>, nuestro mexicano por excelencia donde podr\u00e1 disfrutar de nuestras deliciosas fajitas, quesadillas, enchiladas, magn\u00edficos filetes ANGUS. y hamburguesas de ternera Angus tama\u00f1o Texas.<\/p>\n<p>Todos los <strong>restaurantes de Puerto Marina<\/strong> est\u00e1n situados en el coraz\u00f3n del Puerto para que nuestros clientes puedan disfrutar de<strong> unas vistas inmejorables<\/strong> y de un ambiente relajado. Para completar el recorrido gastron\u00f3mico por Puerto Marina, te presentamos Gelateria di Porto Marina, Gelateria de Porto Marina II y Gelateria de Porto Marina III, una visita obligada para los amantes del helado artesanal con elaboraci\u00f3n diaria, donde degustar\u00e1s una gran variedad de sabores y texturas con la especial atenci\u00f3n que nuestros clientes se merecen.<br \/>\nLos mejores restaurantes en Benalm\u00e1dena Marina<\/p>\n<\/div><\/div><\/div><\/div><\/div><div class=\"w-separator size_medium with_line width_default thick_2 style_solid color_border align_center with_content\"><div class=\"w-separator-h\"><i class=\"fas fa-anchor\"><\/i><\/div><\/div><div class=\"g-cols wpb_row via_grid cols_4 laptops-cols_inherit tablets-cols_inherit mobiles-cols_1 valign_top type_default stacking_default\" style=\"--columns-gap:3rem;\"><div class=\"wpb_column vc_column_container\"><div class=\"vc_column-inner\"><div class=\"w-image align_center\"><a href=\"https:\/\/www.restaurantespuertomarina.com\/es\/steakhouse-angus-benalmadena-2\/\" aria-label=\"steakhouse angus\" class=\"w-image-h\"><img decoding=\"async\" width=\"300\" height=\"300\" src=\"https:\/\/www.restaurantespuertomarina.com\/wp-content\/uploads\/2024\/02\/steakhouse-angus-3.jpg\" class=\"attachment-medium size-medium\" alt=\"steakhouse benalmadena\" loading=\"lazy\" srcset=\"https:\/\/www.restaurantespuertomarina.com\/wp-content\/uploads\/2024\/02\/steakhouse-angus-3.jpg 300w, https:\/\/www.restaurantespuertomarina.com\/wp-content\/uploads\/2024\/02\/steakhouse-angus-3-150x150.jpg 150w, https:\/\/www.restaurantespuertomarina.com\/wp-content\/uploads\/2024\/02\/steakhouse-angus-3-200x200.jpg 200w\" sizes=\"auto, (max-width: 300px) 100vw, 300px\" \/><\/a><\/div><div class=\"w-btn-wrapper align_center\"><a class=\"w-btn us-btn-style_6 us_custom_9022f931 has_text_color\" target=\"_blank\" rel=\"nofollow\" title=\"Menu\" href=\"https:\/\/www.restaurantespuertomarina.com\/wp-content\/uploads\/2026\/04\/Menu-ANGUS-2026.jpg\"><span class=\"w-btn-label\">MENU<\/span><\/a><\/div><\/div><\/div><div class=\"wpb_column vc_column_container\"><div class=\"vc_column-inner\"><div class=\"w-image align_center\"><a href=\"https:\/\/www.restaurantespuertomarina.com\/es\/restaurante-toro-6\/\" aria-label=\"spanish restaurant benalmadena\" class=\"w-image-h\"><img decoding=\"async\" width=\"300\" height=\"300\" src=\"https:\/\/www.restaurantespuertomarina.com\/wp-content\/uploads\/2024\/02\/spanish-restaurant-benalmadena-2.jpg\" class=\"attachment-medium size-medium\" alt=\"spanish restaurant benalmadena\" loading=\"lazy\" srcset=\"https:\/\/www.restaurantespuertomarina.com\/wp-content\/uploads\/2024\/02\/spanish-restaurant-benalmadena-2.jpg 300w, https:\/\/www.restaurantespuertomarina.com\/wp-content\/uploads\/2024\/02\/spanish-restaurant-benalmadena-2-150x150.jpg 150w, https:\/\/www.restaurantespuertomarina.com\/wp-content\/uploads\/2024\/02\/spanish-restaurant-benalmadena-2-200x200.jpg 200w\" sizes=\"auto, (max-width: 300px) 100vw, 300px\" \/><\/a><\/div><div class=\"w-btn-wrapper align_center\"><a class=\"w-btn us-btn-style_7 us_custom_bfe441b6 has_text_color\" target=\"_blank\" rel=\"nofollow\" title=\"Menu\" href=\"https:\/\/www.restaurantespuertomarina.com\/wp-content\/uploads\/2026\/02\/TORO-Puerto-Marina-Menu.pdf\"><span class=\"w-btn-label\">MENU<\/span><\/a><\/div><\/div><\/div><div class=\"wpb_column vc_column_container\"><div class=\"vc_column-inner\"><div class=\"w-image align_center\"><a href=\"https:\/\/www.restaurantespuertomarina.com\/es\/trattoria-la-parolaccia-2\/\" aria-label=\"italian restaurant benalmadena\" class=\"w-image-h\"><img decoding=\"async\" width=\"300\" height=\"300\" src=\"https:\/\/www.restaurantespuertomarina.com\/wp-content\/uploads\/2024\/02\/italian-restaurant-benalmadena-2.jpg\" class=\"attachment-medium size-medium\" alt=\"italian restaurant benalmadena\" loading=\"lazy\" srcset=\"https:\/\/www.restaurantespuertomarina.com\/wp-content\/uploads\/2024\/02\/italian-restaurant-benalmadena-2.jpg 300w, https:\/\/www.restaurantespuertomarina.com\/wp-content\/uploads\/2024\/02\/italian-restaurant-benalmadena-2-150x150.jpg 150w, https:\/\/www.restaurantespuertomarina.com\/wp-content\/uploads\/2024\/02\/italian-restaurant-benalmadena-2-200x200.jpg 200w\" sizes=\"auto, (max-width: 300px) 100vw, 300px\" \/><\/a><\/div><div class=\"w-btn-wrapper align_center\"><a class=\"w-btn us-btn-style_8 us_custom_8bc8300c has_text_color\" title=\"Menu\" href=\"https:\/\/www.restaurantespuertomarina.com\/wp-content\/uploads\/2025\/05\/Menu-PAROLACCIA-05-25.pdf\"><span class=\"w-btn-label\">MENU<\/span><\/a><\/div><\/div><\/div><div class=\"wpb_column vc_column_container\"><div class=\"vc_column-inner\"><div class=\"w-image align_center\"><a href=\"https:\/\/www.restaurantespuertomarina.com\/es\/restaurante-tex-mex-gringos-2\/\" aria-label=\"mexican-benalmadena\" class=\"w-image-h\"><img decoding=\"async\" width=\"300\" height=\"300\" src=\"https:\/\/www.restaurantespuertomarina.com\/wp-content\/uploads\/2024\/02\/mexican-benalmadena.jpg\" class=\"attachment-medium size-medium\" alt=\"mexican benalmadena\" loading=\"lazy\" srcset=\"https:\/\/www.restaurantespuertomarina.com\/wp-content\/uploads\/2024\/02\/mexican-benalmadena.jpg 300w, https:\/\/www.restaurantespuertomarina.com\/wp-content\/uploads\/2024\/02\/mexican-benalmadena-150x150.jpg 150w\" sizes=\"auto, (max-width: 300px) 100vw, 300px\" \/><\/a><\/div><div class=\"w-btn-wrapper align_center\"><a class=\"w-btn us-btn-style_9 us_custom_9671abb9\" target=\"_blank\" rel=\"nofollow\" title=\"https:\/\/www.restaurantespuertomarina.com\/wp-content\/uploads\/2023\/05\/gringo-menu-2023-web.pdf\" href=\"https:\/\/www.restaurantespuertomarina.com\/wp-content\/uploads\/2024\/06\/MENU-Gringos-may-24.pdf\"><span class=\"w-btn-label\">MENU<\/span><\/a><\/div><\/div><\/div><\/div><div class=\"w-separator size_medium with_line width_default thick_1 style_solid color_border align_center with_content\"><div class=\"w-separator-h\"><i class=\"fas fa-anchor\"><\/i><\/div><\/div><div class=\"w-btn-wrapper align_center\"><a class=\"w-btn us-btn-style_3 us_custom_a5c88937\" target=\"_blank\" rel=\"nofollow\" title=\"reservas\" href=\"https:\/\/www.restaurantespuertomarina.com\/es\/reserva-mesa\/\"><span class=\"w-btn-label\">RESERVAS<\/span><\/a><\/div><\/div><\/div><\/div><\/div><\/section><section class=\"l-section wpb_row height_medium color_alternate\"><div class=\"l-section-h i-cf\"><div class=\"g-cols vc_row via_grid cols_1 laptops-cols_inherit tablets-cols_inherit mobiles-cols_1 valign_top type_default stacking_default\"><div class=\"wpb_column vc_column_container\"><div class=\"vc_column-inner\"><div class=\"g-cols wpb_row via_grid cols_3 laptops-cols_inherit tablets-cols_inherit mobiles-cols_1 valign_middle type_default stacking_default\" style=\"--columns-gap:3rem;\"><div class=\"wpb_column vc_column_container\"><div class=\"vc_column-inner\"><div class=\"w-separator size_small\"><\/div><div class=\"w-slider style_none fit_scaledown nav_none count_5\"><div class=\"w-slider-h\" aria-hidden=\"true\"><div class=\"royalSlider\"><div class=\"rsContent\"><a class=\"rsImg\" data-rsw=\"350\" data-rsh=\"195\" href=\"https:\/\/www.restaurantespuertomarina.com\/wp-content\/uploads\/2014\/04\/benalmadena-marina-11.jpg\"><span data-alt=\"best restaurants benalmadena\"><\/span><\/a><\/div><div class=\"rsContent\"><a class=\"rsImg\" data-rsw=\"350\" data-rsh=\"195\" href=\"https:\/\/www.restaurantespuertomarina.com\/wp-content\/uploads\/2014\/04\/benalmadena-marina-12.jpg\"><span data-alt=\"best restaurants benalmadena\"><\/span><\/a><\/div><div class=\"rsContent\"><a class=\"rsImg\" data-rsw=\"350\" data-rsh=\"195\" href=\"https:\/\/www.restaurantespuertomarina.com\/wp-content\/uploads\/2014\/04\/benalmadena-marina-13.jpg\"><span data-alt=\"best restaurants benalmadena\"><\/span><\/a><\/div><div class=\"rsContent\"><a class=\"rsImg\" data-rsw=\"350\" data-rsh=\"195\" href=\"https:\/\/www.restaurantespuertomarina.com\/wp-content\/uploads\/2014\/04\/benalmadena-marina-14.jpg\"><span data-alt=\"best restaurants benalmadena\"><\/span><\/a><\/div><div class=\"rsContent\"><a class=\"rsImg\" data-rsw=\"350\" data-rsh=\"195\" href=\"https:\/\/www.restaurantespuertomarina.com\/wp-content\/uploads\/2014\/04\/benalmadena-marina-15.jpg\"><span data-alt=\"best restaurants benalmadena\"><\/span><\/a><\/div><\/div><img decoding=\"async\" src=\"https:\/\/www.restaurantespuertomarina.com\/wp-content\/uploads\/2014\/04\/benalmadena-marina-11.jpg\" width=\"350\" height=\"195\" alt=\"best restaurants benalmadena\" loading=\"lazy\"><\/div><div class=\"w-slider-json\" onclick='return {&quot;autoScaleSlider&quot;:true,&quot;addActiveClass&quot;:true,&quot;loop&quot;:true,&quot;fadeInLoadedSlide&quot;:false,&quot;slidesSpacing&quot;:0,&quot;imageScalePadding&quot;:0,&quot;numImagesToPreload&quot;:2,&quot;arrowsNav&quot;:true,&quot;arrowsNavAutoHide&quot;:false,&quot;transitionType&quot;:&quot;move&quot;,&quot;transitionSpeed&quot;:250,&quot;block&quot;:{&quot;moveEffect&quot;:&quot;none&quot;,&quot;speed&quot;:300},&quot;thumbs&quot;:{&quot;fitInViewport&quot;:false,&quot;firstMargin&quot;:false,&quot;spacing&quot;:4},&quot;controlNavigation&quot;:&quot;none&quot;,&quot;autoScaleSliderWidth&quot;:350,&quot;autoScaleSliderHeight&quot;:195}'><\/div><\/div><div class=\"wpb_text_column\"><div class=\"wpb_wrapper\"><h4>Mejores Restaurantes Benalm\u00e1dena<\/h4>\n<p>Mejores Restaurantes Benalm\u00e1dena ha sido galardonado, en dos ocasiones (1995 y 1997), como el \u00abMejor Puerto Deportivo del Mundo\u00bb por revistas internacionales especializadas. La combinaci\u00f3n de fant\u00e1sticas vistas y la variedad de restaurantes nos convierten en un lugar de referencia en la Costa del Sol.<\/p>\n<\/div><\/div><\/div><\/div><div class=\"wpb_column vc_column_container\"><div class=\"vc_column-inner\"><div class=\"w-separator size_small\"><\/div><div class=\"w-html\"><iframe loading=\"lazy\" src=\"\/\/www.youtube.com\/embed\/nY1Ue1dU_us?rel=0\" width=\"100%\" height=\"195\" frameborder=\"0\" allowfullscreen=\"allowfullscreen\"><\/iframe><\/div><div class=\"wpb_text_column\"><div class=\"wpb_wrapper\"><h4>Restaurantes con vistas incre\u00edbles<\/h4>\n<p style=\"text-align: justify;\">Sencillez y excelencia es nuestro lema a la hora de crear una experiencia culinaria para nuestros clientes. Nuestras cocinas est\u00e1n abiertas de 13:00 a 0:00, 7 d\u00edas a la semana.<\/p>\n<\/div><\/div><\/div><\/div><div class=\"wpb_column vc_column_container\"><div class=\"vc_column-inner\"><div class=\"w-separator size_small\"><\/div><div class=\"w-slider style_none fit_scaledown nav_none count_5\"><div class=\"w-slider-h\" aria-hidden=\"true\"><div class=\"royalSlider\"><div class=\"rsContent\"><a class=\"rsImg\" data-rsw=\"500\" data-rsh=\"281\" href=\"https:\/\/www.restaurantespuertomarina.com\/wp-content\/uploads\/2013\/10\/minislider-comida-vinos3.png\"><span data-alt=\"best restaurants benalmadena\"><\/span><\/a><\/div><div class=\"rsContent\"><a class=\"rsImg\" data-rsw=\"500\" data-rsh=\"281\" href=\"https:\/\/www.restaurantespuertomarina.com\/wp-content\/uploads\/2013\/10\/minislider-comida-vinos1.png\"><span data-alt=\"best restaurants benalmadena\"><\/span><\/a><\/div><div class=\"rsContent\"><a class=\"rsImg\" data-rsw=\"500\" data-rsh=\"281\" href=\"https:\/\/www.restaurantespuertomarina.com\/wp-content\/uploads\/2013\/10\/minislider-comida-vinos2.png\"><span data-alt=\"best restaurants benalmadena\"><\/span><\/a><\/div><div class=\"rsContent\"><a class=\"rsImg\" data-rsw=\"500\" data-rsh=\"281\" href=\"https:\/\/www.restaurantespuertomarina.com\/wp-content\/uploads\/2013\/10\/minislider-comida-vinos4.png\"><span data-alt=\"best restaurants benalmadena\"><\/span><\/a><\/div><div class=\"rsContent\"><a class=\"rsImg\" data-rsw=\"500\" data-rsh=\"281\" href=\"https:\/\/www.restaurantespuertomarina.com\/wp-content\/uploads\/2013\/10\/minislider-comida-vinos9.png\"><span data-alt=\"best restaurants benalmadena\"><\/span><\/a><\/div><\/div><img decoding=\"async\" src=\"https:\/\/www.restaurantespuertomarina.com\/wp-content\/uploads\/2013\/10\/minislider-comida-vinos3.png\" width=\"500\" height=\"281\" alt=\"best restaurants benalmadena\" loading=\"lazy\"><\/div><div class=\"w-slider-json\" onclick='return {&quot;autoScaleSlider&quot;:true,&quot;addActiveClass&quot;:true,&quot;loop&quot;:true,&quot;fadeInLoadedSlide&quot;:false,&quot;slidesSpacing&quot;:0,&quot;imageScalePadding&quot;:0,&quot;numImagesToPreload&quot;:2,&quot;arrowsNav&quot;:true,&quot;arrowsNavAutoHide&quot;:false,&quot;transitionType&quot;:&quot;move&quot;,&quot;transitionSpeed&quot;:250,&quot;block&quot;:{&quot;moveEffect&quot;:&quot;none&quot;,&quot;speed&quot;:300},&quot;thumbs&quot;:{&quot;fitInViewport&quot;:false,&quot;firstMargin&quot;:false,&quot;spacing&quot;:4},&quot;controlNavigation&quot;:&quot;none&quot;,&quot;autoScaleSliderWidth&quot;:500,&quot;autoScaleSliderHeight&quot;:281}'><\/div><\/div><div class=\"wpb_text_column\"><div class=\"wpb_wrapper\"><h4>Benalm\u00e1dena Puerto Marina<\/h4>\n<p style=\"text-align: justify;\">Restaurantes Puerto Marina se ha consolidado como punto de encuentro gastron\u00f3mico en la provincia de M\u00e1laga. La gran selecci\u00f3n de vinos, tanto espa\u00f1oles como de importaci\u00f3n, nos han convertido en los mejores restaurantes de la provincia de M\u00e1laga. <a href=\"http:\/\/www.tripadvisor.es\/Restaurant_Review-g562812-d4451876-Reviews-Toro-Benalmadena_Costa_del_Sol_Province_of_Malaga_Andalucia.html\" target=\"_blank\" rel=\"noopener noreferrer\"> TripAdvisor.<\/a><\/p>\n<\/div><\/div><\/div><\/div><\/div><\/div><\/div><\/div><\/div><\/section>\n","protected":false},"excerpt":{"rendered":"[rev_slider_vc alias=\"slider-1-11\"]RESERVAS Los mejores restaurantes de Benalm\u00e1dena ofrecen un mundo gastron\u00f3mico en el coraz\u00f3n de la Costa del Sol. \u00a1El Puerto Deportivo de Benalm\u00e1dena ha sido galardonado como el mejor del mundo dos veces! Hemos adaptado nuestra cocina a los gustos y exigencias de nuestros clientes. Transportamos a nuestros visitantes del puerto deportivo a Argentina,...","protected":false},"author":5,"featured_media":0,"parent":0,"menu_order":0,"comment_status":"closed","ping_status":"closed","template":"","meta":{"footnotes":""},"class_list":["post-15521","page","type-page","status-publish","hentry"],"_links":{"self":[{"href":"https:\/\/www.restaurantespuertomarina.com\/es\/wp-json\/wp\/v2\/pages\/15521","targetHints":{"allow":["GET"]}}],"collection":[{"href":"https:\/\/www.restaurantespuertomarina.com\/es\/wp-json\/wp\/v2\/pages"}],"about":[{"href":"https:\/\/www.restaurantespuertomarina.com\/es\/wp-json\/wp\/v2\/types\/page"}],"author":[{"embeddable":true,"href":"https:\/\/www.restaurantespuertomarina.com\/es\/wp-json\/wp\/v2\/users\/5"}],"replies":[{"embeddable":true,"href":"https:\/\/www.restaurantespuertomarina.com\/es\/wp-json\/wp\/v2\/comments?post=15521"}],"version-history":[{"count":18,"href":"https:\/\/www.restaurantespuertomarina.com\/es\/wp-json\/wp\/v2\/pages\/15521\/revisions"}],"predecessor-version":[{"id":18182,"href":"https:\/\/www.restaurantespuertomarina.com\/es\/wp-json\/wp\/v2\/pages\/15521\/revisions\/18182"}],"wp:attachment":[{"href":"https:\/\/www.restaurantespuertomarina.com\/es\/wp-json\/wp\/v2\/media?parent=15521"}],"curies":[{"name":"wp","href":"https:\/\/api.w.org\/{rel}","templated":true}]}}